{"id":337,"date":"2025-11-18T19:28:00","date_gmt":"2025-11-18T18:28:00","guid":{"rendered":"https:\/\/kinderschutzbund-warburg.de\/?page_id=337"},"modified":"2025-11-19T08:05:58","modified_gmt":"2025-11-19T07:05:58","slug":"lesepaten-ein-neues-projekt-fuer-kinder-in-warburgkopie-spenden","status":"publish","type":"page","link":"https:\/\/kinderschutzbund-warburg.de\/en\/lesepaten-ein-neues-projekt-fuer-kinder-in-warburgkopie-spenden\/","title":{"rendered":"Lesepaten \u2013 Ein neues Projekt f\u00fcr Kinder in Warburg"},"content":{"rendered":"<p>[et_pb_section fb_built=&#8220;1&#8243; admin_label=&#8220;hero_spendenseite&#8220; _builder_version=&#8220;4.27.4&#8243; _module_preset=&#8220;default&#8220; background_enable_color=&#8220;off&#8220; use_background_color_gradient=&#8220;on&#8220; background_color_gradient_stops=&#8220;rgba(0,0,0,0.29) 0%|rgba(255,255,255,0) 100%&#8220; background_color_gradient_overlays_image=&#8220;on&#8220; background_color_gradient_start=&#8220;rgba(0,0,0,0.5)&#8220; background_color_gradient_end=&#8220;rgba(0,0,0,0.75)&#8220; background_image=&#8220;https:\/\/kinderschutzbund-warburg.de\/wp-content\/uploads\/2025\/11\/K0A2676-scaled.jpg&#8220; parallax=&#8220;on&#8220; background_enable_mask_style=&#8220;on&#8220; background_mask_style=&#8220;caret&#8220; background_mask_color=&#8220;rgba(234,240,246,0.8)&#8220; background_mask_aspect_ratio=&#8220;portrait&#8220; background_mask_size=&#8220;custom&#8220; background_mask_width=&#8220;70%&#8220; background_mask_height=&#8220;100%&#8220; background_mask_position=&#8220;center_left&#8220; width=&#8220;100%&#8220; max_width=&#8220;100%&#8220; module_alignment=&#8220;center&#8220; min_height=&#8220;730px&#8220; height=&#8220;70vh&#8220; max_height=&#8220;1000px&#8220; custom_margin=&#8220;0px|0px|0px|0px|true|true&#8220; custom_padding=&#8220;5vw|0px|5vw|0px|true|true&#8220; background_last_edited=&#8220;on|tablet&#8220; background_mask_aspect_ratio_tablet=&#8220;portrait&#8220; background_mask_size_tablet=&#8220;custom&#8220; background_mask_width_tablet=&#8220;100%&#8220; locked=&#8220;off&#8220; collapsed=&#8220;off&#8220; global_colors_info=&#8220;{%22#03045e%22:%91%22background_color%22%93}&#8220;][et_pb_row column_structure=&#8220;1_2,1_2&#8243; _builder_version=&#8220;4.27.4&#8243; _module_preset=&#8220;5138c454-be54-4233-bd3b-f8e6a8747976&#8243; width=&#8220;auto&#8220; max_width=&#8220;100%&#8220; custom_margin=&#8220;0px|5%|0px|5%|true|true&#8220; custom_padding=&#8220;0px|0px|0px|0px|true|true&#8220; locked=&#8220;off&#8220; global_colors_info=&#8220;{}&#8220;][et_pb_column type=&#8220;1_2&#8243; _builder_version=&#8220;4.23.1&#8243; _module_preset=&#8220;73121f80-a3ef-4484-8763-c3f18e3c56d2&#8243; global_colors_info=&#8220;{}&#8220;][et_pb_heading title=&#8220;Der Kinderschutzbund &#8211; Ortsverband Warburg e. V.&#8220; _builder_version=&#8220;4.27.4&#8243; _module_preset=&#8220;f0c675ea-2574-4d0e-b725-30f8550a8550&#8243; title_level=&#8220;h4&#8243; title_font=&#8220;PT Sans Narrow|700||on|||||&#8220; title_text_color=&#8220;#0065ad&#8220; title_font_size=&#8220;14px&#8220; title_letter_spacing=&#8220;1px&#8220; title_line_height=&#8220;1.4em&#8220; custom_margin=&#8220;||10px||false|false&#8220; title_font_size_tablet=&#8220;13px&#8220; title_font_size_phone=&#8220;8px&#8220; title_font_size_last_edited=&#8220;on|desktop&#8220; locked=&#8220;off&#8220; global_colors_info=&#8220;{%22#03045e%22:%91%22title_text_color%22%93}&#8220;][\/et_pb_heading][et_pb_heading title=&#8220;Lesepaten \u2013 Ein neues Projekt f\u00fcr Kinder in Warburg&#8220; _builder_version=&#8220;4.27.4&#8243; _module_preset=&#8220;ddeb8c09-9078-4424-bc15-2efb6572e28e&#8220; title_font=&#8220;PT Sans Narrow|700|||||||&#8220; title_text_color=&#8220;#0065ad&#8220; title_font_size=&#8220;72px&#8220; title_line_height=&#8220;1.15em&#8220; custom_margin=&#8220;||0px||false|false&#8220; custom_margin_tablet=&#8220;||0px||false|false&#8220; custom_margin_phone=&#8220;||0px||false|false&#8220; custom_margin_last_edited=&#8220;off|desktop&#8220; custom_padding=&#8220;||0px||false|false&#8220; title_font_size_tablet=&#8220;30px&#8220; title_font_size_phone=&#8220;20px&#8220; title_font_size_last_edited=&#8220;on|phone&#8220; locked=&#8220;off&#8220; global_colors_info=&#8220;{}&#8220;][\/et_pb_heading][\/et_pb_column][et_pb_column type=&#8220;1_2&#8243; _builder_version=&#8220;4.23.1&#8243; _module_preset=&#8220;73121f80-a3ef-4484-8763-c3f18e3c56d2&#8243; global_colors_info=&#8220;{}&#8220;][\/et_pb_column][\/et_pb_row][\/et_pb_section][et_pb_section fb_built=&#8220;1&#8243; admin_label=&#8220;Events&#8220; module_id=&#8220;spenden&#8220; _builder_version=&#8220;4.27.4&#8243; _module_preset=&#8220;_initial&#8220; locked=&#8220;off&#8220; collapsed=&#8220;on&#8220; global_colors_info=&#8220;{%22gcid-36fd78a7-34bc-404d-873c-dafa34efaae5%22:%91%22colorStart%22%93}&#8220;][et_pb_row custom_padding_last_edited=&#8220;on|tablet&#8220; _builder_version=&#8220;4.27.4&#8243; _module_preset=&#8220;5138c454-be54-4233-bd3b-f8e6a8747976&#8243; custom_padding_tablet=&#8220;0px||0px||true|false&#8220; custom_padding_phone=&#8220;0px||0px||true|false&#8220; global_colors_info=&#8220;{}&#8220;][et_pb_column type=&#8220;4_4&#8243; _builder_version=&#8220;4.16&#8243; _module_preset=&#8220;73121f80-a3ef-4484-8763-c3f18e3c56d2&#8243; global_colors_info=&#8220;{}&#8220;][et_pb_heading title=&#8220;Lesepaten \u2013 Zeit schenken. Lesen f\u00f6rdern. Kinder st\u00e4rken.&#8220; _builder_version=&#8220;4.27.4&#8243; _module_preset=&#8220;c33f07d9-41e0-421a-8799-5799df695cce&#8220; title_level=&#8220;h2&#8243; title_font=&#8220;PT Sans Narrow|700|||||||&#8220; title_text_align=&#8220;center&#8220; title_text_color=&#8220;#0065ad&#8220; title_font_size=&#8220;50px&#8220; title_line_height=&#8220;1.2em&#8220; custom_margin=&#8220;||10px||false|false&#8220; title_font_size_tablet=&#8220;28px&#8220; title_font_size_phone=&#8220;17px&#8220; title_font_size_last_edited=&#8220;on|phone&#8220; locked=&#8220;off&#8220; global_colors_info=&#8220;{}&#8220;][\/et_pb_heading][et_pb_text _builder_version=&#8220;4.27.4&#8243; _module_preset=&#8220;default&#8220; text_font=&#8220;PT Sans Narrow||||||||&#8220; text_text_color=&#8220;#0065ad&#8220; text_font_size=&#8220;16px&#8220; text_line_height=&#8220;1.6em&#8220; header_2_font=&#8220;PT Sans Narrow|700|||||||&#8220; header_2_text_color=&#8220;#0065ad&#8220; header_2_line_height=&#8220;1.4em&#8220; text_font_size_tablet=&#8220;16px&#8220; text_font_size_phone=&#8220;13px&#8220; text_font_size_last_edited=&#8220;on|phone&#8220; header_2_font_size_tablet=&#8220;22px&#8220; header_2_font_size_phone=&#8220;20px&#8220; header_2_font_size_last_edited=&#8220;on|desktop&#8220; global_colors_info=&#8220;{}&#8220;]<\/p>\n<p>Viele Kinder lieben Geschichten \u2013 aber nicht jedes Kind hat jemanden, der regelm\u00e4\u00dfig mit ihm liest, zuh\u00f6rt oder beim Lesenlernen unterst\u00fctzt.<br \/>Deshalb starten wir beim <strong>Kinderschutzbund Warburg<\/strong> ein neues Ehrenamtsprojekt:<\/p>\n<p>Ab 2026 m\u00f6chten wir gemeinsam mit den Grundschulen in Warburg und Umgebung ein Angebot schaffen, das Kindern zus\u00e4tzliche Unterst\u00fctzung beim Lesenlernen bietet.<br \/>Ehrenamtliche Lesepatinnen und Lesepaten besuchen einmal pro Woche die Schule, lesen mit einzelnen Kindern oder kleinen Gruppen und schenken ihnen das, was im Alltag manchmal zu kurz kommt:<\/p>\n<p>\u2728 Aufmerksamkeit<br \/>\u2728 Geduld<br \/>\u2728 Ermutigung<br \/>\u2728 Freude am Lesen<\/p>\n<p>So entstehen kleine Lernmomente, die Gro\u00dfes bewirken k\u00f6nnen \u2013 f\u00fcr die Sprache, die Konzentration und das Selbstvertrauen der Kinder.<\/p>\n<p>[\/et_pb_text][et_pb_heading title=&#8220;Warum wir dieses Projekt starten m\u00f6chten&#8220; _builder_version=&#8220;4.27.4&#8243; _module_preset=&#8220;c33f07d9-41e0-421a-8799-5799df695cce&#8220; title_level=&#8220;h2&#8243; title_font=&#8220;PT Sans Narrow|700|||||||&#8220; title_text_align=&#8220;center&#8220; title_text_color=&#8220;#0065ad&#8220; title_font_size=&#8220;50px&#8220; title_line_height=&#8220;1.2em&#8220; min_height=&#8220;56px&#8220; custom_margin=&#8220;||10px||false|false&#8220; title_font_size_tablet=&#8220;28px&#8220; title_font_size_phone=&#8220;17px&#8220; title_font_size_last_edited=&#8220;on|phone&#8220; locked=&#8220;off&#8220; global_colors_info=&#8220;{}&#8220;][\/et_pb_heading][et_pb_text _builder_version=&#8220;4.27.4&#8243; _module_preset=&#8220;default&#8220; text_font=&#8220;PT Sans Narrow||||||||&#8220; text_text_color=&#8220;#0065ad&#8220; text_font_size=&#8220;16px&#8220; text_line_height=&#8220;1.6em&#8220; header_2_font=&#8220;PT Sans Narrow|700|||||||&#8220; header_2_text_color=&#8220;#0065ad&#8220; header_2_line_height=&#8220;1.4em&#8220; text_font_size_tablet=&#8220;16px&#8220; text_font_size_phone=&#8220;13px&#8220; text_font_size_last_edited=&#8220;on|phone&#8220; header_2_font_size_tablet=&#8220;22px&#8220; header_2_font_size_phone=&#8220;20px&#8220; header_2_font_size_last_edited=&#8220;on|desktop&#8220; global_colors_info=&#8220;{}&#8220;]<\/p>\n<p>&nbsp;<\/p>\n<ul>\n<li>Lesen ist eine Schl\u00fcsselkompetenz \u2013 doch viele Kinder brauchen dabei zus\u00e4tzliche Begleitung.<\/li>\n<li>Schulen leisten Gro\u00dfartiges, sto\u00dfen aber im Alltag oft an zeitliche Grenzen.<\/li>\n<li>Ehrenamtliche k\u00f6nnen hier eine wertvolle Br\u00fccke sein.<\/li>\n<li>Gleichzeitig entsteht ein wundersch\u00f6ner Kontakt zwischen Generationen<\/li>\n<\/ul>\n<p>[\/et_pb_text][et_pb_heading title=&#8220;Wie das Projekt funktioniert&#8220; _builder_version=&#8220;4.27.4&#8243; _module_preset=&#8220;c33f07d9-41e0-421a-8799-5799df695cce&#8220; title_level=&#8220;h2&#8243; title_font=&#8220;PT Sans Narrow|700|||||||&#8220; title_text_align=&#8220;center&#8220; title_text_color=&#8220;#0065ad&#8220; title_font_size=&#8220;50px&#8220; title_line_height=&#8220;1.2em&#8220; custom_margin=&#8220;||10px||false|false&#8220; title_font_size_tablet=&#8220;28px&#8220; title_font_size_phone=&#8220;17px&#8220; title_font_size_last_edited=&#8220;on|phone&#8220; locked=&#8220;off&#8220; global_colors_info=&#8220;{}&#8220;][\/et_pb_heading][et_pb_text _builder_version=&#8220;4.27.4&#8243; _module_preset=&#8220;default&#8220; text_font=&#8220;PT Sans Narrow||||||||&#8220; text_text_color=&#8220;#0065ad&#8220; text_font_size=&#8220;16px&#8220; text_line_height=&#8220;1.6em&#8220; header_2_font=&#8220;PT Sans Narrow|700|||||||&#8220; header_2_text_color=&#8220;#0065ad&#8220; header_2_line_height=&#8220;1.4em&#8220; custom_padding=&#8220;||32px|||&#8220; text_font_size_tablet=&#8220;16px&#8220; text_font_size_phone=&#8220;13px&#8220; text_font_size_last_edited=&#8220;on|phone&#8220; header_2_font_size_tablet=&#8220;22px&#8220; header_2_font_size_phone=&#8220;20px&#8220; header_2_font_size_last_edited=&#8220;on|desktop&#8220; global_colors_info=&#8220;{}&#8220;]<\/p>\n<ul>\n<li>Lesepaten kommen <strong>1x pro Woche f\u00fcr ca. eine Stunde<\/strong> in die Schule.<\/li>\n<li>Gelesen wird in <strong>\u00f6ffentlichen R\u00e4umen der Schule<\/strong>.<\/li>\n<li>Der Kinderschutzbund \u00fcbernimmt <strong>Schulung, Vorbereitung und Begleitung<\/strong> der Ehrenamtlichen.<\/li>\n<li>Das Projekt ist f\u00fcr Schulen und Familien <strong>kostenfrei<\/strong>.<\/li>\n<li>Start geplant: <strong>Fr\u00fchjahr 2026<\/strong>.<\/li>\n<\/ul>\n<p>Zurzeit befinden wir uns im Aufbau, sprechen mit Schulen und bereiten alles f\u00fcr einen erfolgreichen Start vor.<\/p>\n<ul><\/ul>\n<p>[\/et_pb_text][et_pb_heading title=&#8220;Wir suchen Menschen mit Herz \u2013 werde Lesepatin oder Lesepate!&#8220; _builder_version=&#8220;4.27.4&#8243; _module_preset=&#8220;c33f07d9-41e0-421a-8799-5799df695cce&#8220; title_level=&#8220;h2&#8243; title_font=&#8220;PT Sans Narrow|700|||||||&#8220; title_text_align=&#8220;center&#8220; title_text_color=&#8220;#0065ad&#8220; title_font_size=&#8220;50px&#8220; title_line_height=&#8220;1.2em&#8220; custom_margin=&#8220;22px||10px||false|false&#8220; title_font_size_tablet=&#8220;28px&#8220; title_font_size_phone=&#8220;17px&#8220; title_font_size_last_edited=&#8220;on|phone&#8220; locked=&#8220;off&#8220; global_colors_info=&#8220;{}&#8220;][\/et_pb_heading][et_pb_text _builder_version=&#8220;4.27.4&#8243; _module_preset=&#8220;default&#8220; text_font=&#8220;PT Sans Narrow||||||||&#8220; text_text_color=&#8220;#0065ad&#8220; text_font_size=&#8220;16px&#8220; text_line_height=&#8220;1.6em&#8220; header_2_font=&#8220;PT Sans Narrow|700|||||||&#8220; header_2_text_color=&#8220;#0065ad&#8220; header_2_line_height=&#8220;1.4em&#8220; min_height=&#8220;210.2px&#8220; text_font_size_tablet=&#8220;16px&#8220; text_font_size_phone=&#8220;13px&#8220; text_font_size_last_edited=&#8220;on|phone&#8220; header_2_font_size_tablet=&#8220;22px&#8220; header_2_font_size_phone=&#8220;20px&#8220; header_2_font_size_last_edited=&#8220;on|desktop&#8220; global_colors_info=&#8220;{}&#8220;]<\/p>\n<p>\u00a0Sie m\u00f6chten ein Kind begleiten und st\u00e4rken?<\/p>\n<p>Sie k\u00f6nnen sich vorstellen 1 Std in der Woche in die Schule zu kommen und dort mit Kindern zu lesen.<br \/>Oder Sie kennen jemanden, der perfekt passen w\u00fcrde?<\/p>\n<p>Dann freuen wir uns sehr \u00fcber eine unverbindliche Kontaktaufnahme!<br \/>Auch wenn das Projekt noch in der Startphase ist:<br \/><strong>Jetzt ist genau der richtige Zeitpunkt, um dabei zu sein.<\/strong><\/p>\n<p>[\/et_pb_text][et_pb_heading title=&#8220;Interesse, Lesepate zu werden?&#8220; _builder_version=&#8220;4.27.4&#8243; _module_preset=&#8220;c33f07d9-41e0-421a-8799-5799df695cce&#8220; title_level=&#8220;h2&#8243; title_font=&#8220;PT Sans Narrow|700|||||||&#8220; title_text_align=&#8220;center&#8220; title_text_color=&#8220;#0065ad&#8220; title_font_size=&#8220;50px&#8220; title_line_height=&#8220;1.2em&#8220; custom_margin=&#8220;||10px||false|false&#8220; title_font_size_tablet=&#8220;28px&#8220; title_font_size_phone=&#8220;17px&#8220; title_font_size_last_edited=&#8220;on|phone&#8220; locked=&#8220;off&#8220; global_colors_info=&#8220;{}&#8220;][\/et_pb_heading][et_pb_text _builder_version=&#8220;4.27.4&#8243; _module_preset=&#8220;default&#8220; text_font=&#8220;PT Sans Narrow||||||||&#8220; text_text_color=&#8220;#0065ad&#8220; text_font_size=&#8220;16px&#8220; text_line_height=&#8220;1.6em&#8220; header_2_font=&#8220;PT Sans Narrow|700|||||||&#8220; header_2_text_color=&#8220;#0065ad&#8220; header_2_line_height=&#8220;1.4em&#8220; text_font_size_tablet=&#8220;16px&#8220; text_font_size_phone=&#8220;13px&#8220; text_font_size_last_edited=&#8220;on|phone&#8220; header_2_font_size_tablet=&#8220;22px&#8220; header_2_font_size_phone=&#8220;20px&#8220; header_2_font_size_last_edited=&#8220;on|desktop&#8220; global_colors_info=&#8220;{}&#8220;]<\/p>\n<p style=\"text-align: center;\">Schreiben Sie uns einfach eine kurze Nachricht \u2013 wir melden uns dann:<\/p>\n<p>[\/et_pb_text][et_pb_text _builder_version=&#8220;4.27.4&#8243; _module_preset=&#8220;default&#8220; text_font=&#8220;PT Sans Narrow||||||||&#8220; text_text_color=&#8220;#0065ad&#8220; text_font_size=&#8220;16px&#8220; text_line_height=&#8220;1.6em&#8220; header_2_font=&#8220;PT Sans Narrow|700|||||||&#8220; header_2_text_color=&#8220;#0065ad&#8220; header_2_line_height=&#8220;1.4em&#8220; hover_enabled=&#8220;0&#8243; text_font_size_tablet=&#8220;16px&#8220; text_font_size_phone=&#8220;13px&#8220; text_font_size_last_edited=&#8220;on|phone&#8220; header_2_font_size_tablet=&#8220;22px&#8220; header_2_font_size_phone=&#8220;20px&#8220; header_2_font_size_last_edited=&#8220;on|desktop&#8220; box_shadow_style=&#8220;preset1&#8243; global_colors_info=&#8220;{}&#8220; sticky_enabled=&#8220;0&#8243;]<\/p>\n<p style=\"text-align: center;\">anmeldung@kinderschutzbund-warburg.de<\/p>\n<p>[\/et_pb_text][et_pb_contact_form _builder_version=&#8220;4.27.4&#8243; _module_preset=&#8220;default&#8220; _unique_id=&#8220;cc8ea9af-9c70-4da9-804d-3d2464544f16&#8243; email=&#8220;anmeldung@kinderschutzbund-warburg.de&#8220; hover_enabled=&#8220;0&#8243; sticky_enabled=&#8220;0&#8243;][et_pb_contact_field field_id=&#8220;Name&#8220; field_title=&#8220;Name&#8220; _builder_version=&#8220;4.16&#8243; global_colors_info=&#8220;{}&#8220; button_text_size__hover_enabled=&#8220;off&#8220; button_one_text_size__hover_enabled=&#8220;off&#8220; button_two_text_size__hover_enabled=&#8220;off&#8220; button_text_color__hover_enabled=&#8220;off&#8220; button_one_text_color__hover_enabled=&#8220;off&#8220; button_two_text_color__hover_enabled=&#8220;off&#8220; button_border_width__hover_enabled=&#8220;off&#8220; button_one_border_width__hover_enabled=&#8220;off&#8220; button_two_border_width__hover_enabled=&#8220;off&#8220; button_border_color__hover_enabled=&#8220;off&#8220; button_one_border_color__hover_enabled=&#8220;off&#8220; button_two_border_color__hover_enabled=&#8220;off&#8220; button_border_radius__hover_enabled=&#8220;off&#8220; button_one_border_radius__hover_enabled=&#8220;off&#8220; button_two_border_radius__hover_enabled=&#8220;off&#8220; button_letter_spacing__hover_enabled=&#8220;off&#8220; button_one_letter_spacing__hover_enabled=&#8220;off&#8220; button_two_letter_spacing__hover_enabled=&#8220;off&#8220; button_bg_color__hover_enabled=&#8220;off&#8220; button_one_bg_color__hover_enabled=&#8220;off&#8220; button_two_bg_color__hover_enabled=&#8220;off&#8220;][\/et_pb_contact_field][et_pb_contact_field field_id=&#8220;Email&#8220; field_title=&#8220;E-Mail-Adresse&#8220; field_type=&#8220;email&#8220; _builder_version=&#8220;4.16&#8243; global_colors_info=&#8220;{}&#8220; button_text_size__hover_enabled=&#8220;off&#8220; button_one_text_size__hover_enabled=&#8220;off&#8220; button_two_text_size__hover_enabled=&#8220;off&#8220; button_text_color__hover_enabled=&#8220;off&#8220; button_one_text_color__hover_enabled=&#8220;off&#8220; button_two_text_color__hover_enabled=&#8220;off&#8220; button_border_width__hover_enabled=&#8220;off&#8220; button_one_border_width__hover_enabled=&#8220;off&#8220; button_two_border_width__hover_enabled=&#8220;off&#8220; button_border_color__hover_enabled=&#8220;off&#8220; button_one_border_color__hover_enabled=&#8220;off&#8220; button_two_border_color__hover_enabled=&#8220;off&#8220; button_border_radius__hover_enabled=&#8220;off&#8220; button_one_border_radius__hover_enabled=&#8220;off&#8220; button_two_border_radius__hover_enabled=&#8220;off&#8220; button_letter_spacing__hover_enabled=&#8220;off&#8220; button_one_letter_spacing__hover_enabled=&#8220;off&#8220; button_two_letter_spacing__hover_enabled=&#8220;off&#8220; button_bg_color__hover_enabled=&#8220;off&#8220; button_one_bg_color__hover_enabled=&#8220;off&#8220; button_two_bg_color__hover_enabled=&#8220;off&#8220;][\/et_pb_contact_field][et_pb_contact_field field_id=&#8220;Message&#8220; field_title=&#8220;Nachricht&#8220; field_type=&#8220;text&#8220; fullwidth_field=&#8220;on&#8220; _builder_version=&#8220;4.16&#8243; global_colors_info=&#8220;{}&#8220; button_text_size__hover_enabled=&#8220;off&#8220; button_one_text_size__hover_enabled=&#8220;off&#8220; button_two_text_size__hover_enabled=&#8220;off&#8220; button_text_color__hover_enabled=&#8220;off&#8220; button_one_text_color__hover_enabled=&#8220;off&#8220; button_two_text_color__hover_enabled=&#8220;off&#8220; button_border_width__hover_enabled=&#8220;off&#8220; button_one_border_width__hover_enabled=&#8220;off&#8220; button_two_border_width__hover_enabled=&#8220;off&#8220; button_border_color__hover_enabled=&#8220;off&#8220; button_one_border_color__hover_enabled=&#8220;off&#8220; button_two_border_color__hover_enabled=&#8220;off&#8220; button_border_radius__hover_enabled=&#8220;off&#8220; button_one_border_radius__hover_enabled=&#8220;off&#8220; button_two_border_radius__hover_enabled=&#8220;off&#8220; button_letter_spacing__hover_enabled=&#8220;off&#8220; button_one_letter_spacing__hover_enabled=&#8220;off&#8220; button_two_letter_spacing__hover_enabled=&#8220;off&#8220; button_bg_color__hover_enabled=&#8220;off&#8220; button_one_bg_color__hover_enabled=&#8220;off&#8220; button_two_bg_color__hover_enabled=&#8220;off&#8220;][\/et_pb_contact_field][\/et_pb_contact_form][et_pb_text _builder_version=&#8220;4.27.4&#8243; _module_preset=&#8220;default&#8220; global_colors_info=&#8220;{}&#8220;][\/et_pb_text][et_pb_heading title=&#8220;Wir freuen uns auf Sie!&#8220; _builder_version=&#8220;4.27.4&#8243; _module_preset=&#8220;c33f07d9-41e0-421a-8799-5799df695cce&#8220; title_level=&#8220;h2&#8243; title_font=&#8220;PT Sans Narrow|700|||||||&#8220; title_text_align=&#8220;center&#8220; title_text_color=&#8220;#0065ad&#8220; title_font_size=&#8220;50px&#8220; title_line_height=&#8220;1.2em&#8220; custom_margin=&#8220;||10px||false|false&#8220; title_font_size_tablet=&#8220;28px&#8220; title_font_size_phone=&#8220;17px&#8220; title_font_size_last_edited=&#8220;on|phone&#8220; locked=&#8220;off&#8220; global_colors_info=&#8220;{}&#8220;][\/et_pb_heading][et_pb_heading title=&#8220;Gemeinsam k\u00f6nnen wir Kindern helfen, ihre Lesekompetenz zu steigern. &#8220; _builder_version=&#8220;4.27.4&#8243; _module_preset=&#8220;c33f07d9-41e0-421a-8799-5799df695cce&#8220; title_level=&#8220;h2&#8243; title_font=&#8220;PT Sans Narrow|700|||||||&#8220; title_text_align=&#8220;center&#8220; title_text_color=&#8220;#0065ad&#8220; title_font_size=&#8220;50px&#8220; title_line_height=&#8220;1.2em&#8220; custom_margin=&#8220;||10px||false|false&#8220; title_font_size_tablet=&#8220;28px&#8220; title_font_size_phone=&#8220;17px&#8220; title_font_size_last_edited=&#8220;on|phone&#8220; locked=&#8220;off&#8220; global_colors_info=&#8220;{}&#8220;][\/et_pb_heading][\/et_pb_column][\/et_pb_row][\/et_pb_section]<\/p>\n","protected":false},"excerpt":{"rendered":"<p>Viele Kinder lieben Geschichten \u2013 aber nicht jedes Kind hat jemanden, der regelm\u00e4\u00dfig mit ihm liest, zuh\u00f6rt oder beim Lesenlernen unterst\u00fctzt.Deshalb starten wir beim Kinderschutzbund Warburg ein neues Ehrenamtsprojekt: Ab [&hellip;]<\/p>\n","protected":false},"author":2,"featured_media":0,"parent":0,"menu_order":0,"comment_status":"closed","ping_status":"closed","template":"","meta":{"_et_pb_use_builder":"on","_et_pb_old_content":"","_et_gb_content_width":"","footnotes":""},"class_list":["post-337","page","type-page","status-publish","hentry"],"_links":{"self":[{"href":"https:\/\/kinderschutzbund-warburg.de\/en\/wp-json\/wp\/v2\/pages\/337","targetHints":{"allow":["GET"]}}],"collection":[{"href":"https:\/\/kinderschutzbund-warburg.de\/en\/wp-json\/wp\/v2\/pages"}],"about":[{"href":"https:\/\/kinderschutzbund-warburg.de\/en\/wp-json\/wp\/v2\/types\/page"}],"author":[{"embeddable":true,"href":"https:\/\/kinderschutzbund-warburg.de\/en\/wp-json\/wp\/v2\/users\/2"}],"replies":[{"embeddable":true,"href":"https:\/\/kinderschutzbund-warburg.de\/en\/wp-json\/wp\/v2\/comments?post=337"}],"version-history":[{"count":20,"href":"https:\/\/kinderschutzbund-warburg.de\/en\/wp-json\/wp\/v2\/pages\/337\/revisions"}],"predecessor-version":[{"id":365,"href":"https:\/\/kinderschutzbund-warburg.de\/en\/wp-json\/wp\/v2\/pages\/337\/revisions\/365"}],"wp:attachment":[{"href":"https:\/\/kinderschutzbund-warburg.de\/en\/wp-json\/wp\/v2\/media?parent=337"}],"curies":[{"name":"wp","href":"https:\/\/api.w.org\/{rel}","templated":true}]}}