{"id":210,"date":"2025-05-02T09:54:49","date_gmt":"2025-05-02T07:54:49","guid":{"rendered":"https:\/\/kinderschutzbund-warburg.de\/?page_id=210"},"modified":"2025-05-07T12:52:16","modified_gmt":"2025-05-07T10:52:16","slug":"spenden","status":"publish","type":"page","link":"https:\/\/kinderschutzbund-warburg.de\/en\/spenden\/","title":{"rendered":"Donations"},"content":{"rendered":"<p>[et_pb_section fb_built=&#8220;1&#8243; admin_label=&#8220;hero_spendenseite&#8220; _builder_version=&#8220;4.27.4&#8243; _module_preset=&#8220;default&#8220; background_enable_color=&#8220;off&#8220; use_background_color_gradient=&#8220;on&#8220; background_color_gradient_stops=&#8220;rgba(0,0,0,0.29) 0%|rgba(255,255,255,0) 100%&#8220; background_color_gradient_overlays_image=&#8220;on&#8220; background_color_gradient_start=&#8220;rgba(0,0,0,0.5)&#8220; background_color_gradient_end=&#8220;rgba(0,0,0,0.75)&#8220; background_image=&#8220;https:\/\/kinderschutzbund-warburg.de\/wp-content\/uploads\/2025\/04\/K0A1447-scaled.jpg&#8220; parallax=&#8220;on&#8220; background_enable_mask_style=&#8220;on&#8220; background_mask_style=&#8220;caret&#8220; background_mask_color=&#8220;rgba(234,240,246,0.8)&#8220; background_mask_aspect_ratio=&#8220;portrait&#8220; background_mask_size=&#8220;custom&#8220; background_mask_width=&#8220;70%&#8220; background_mask_height=&#8220;100%&#8220; background_mask_position=&#8220;center_left&#8220; custom_margin=&#8220;0px|0px|0px|0px|true|true&#8220; custom_padding=&#8220;5vw|0px|5vw|0px|true|true&#8220; hover_enabled=&#8220;0&#8243; background_last_edited=&#8220;on|tablet&#8220; background_mask_aspect_ratio_tablet=&#8220;portrait&#8220; background_mask_size_tablet=&#8220;custom&#8220; background_mask_width_tablet=&#8220;100%&#8220; locked=&#8220;off&#8220; collapsed=&#8220;off&#8220; global_colors_info=&#8220;{%22#03045e%22:%91%22background_color%22%93}&#8220; height=&#8220;70vh&#8220; sticky_enabled=&#8220;0&#8243;][et_pb_row column_structure=&#8220;1_2,1_2&#8243; _builder_version=&#8220;4.27.4&#8243; _module_preset=&#8220;5138c454-be54-4233-bd3b-f8e6a8747976&#8243; width=&#8220;auto&#8220; max_width=&#8220;100%&#8220; custom_margin=&#8220;0px|5%|0px|5%|true|true&#8220; custom_padding=&#8220;0px|0px|0px|0px|true|true&#8220; locked=&#8220;off&#8220; global_colors_info=&#8220;{}&#8220;][et_pb_column type=&#8220;1_2&#8243; _builder_version=&#8220;4.23.1&#8243; _module_preset=&#8220;73121f80-a3ef-4484-8763-c3f18e3c56d2&#8243; global_colors_info=&#8220;{}&#8220;][et_pb_heading title=&#8220;Der Kinderschutzbund &#8211; Ortsverband Warburg e. V.&#8220; _builder_version=&#8220;4.27.4&#8243; _module_preset=&#8220;f0c675ea-2574-4d0e-b725-30f8550a8550&#8243; title_level=&#8220;h4&#8243; title_font=&#8220;PT Sans Narrow|700||on|||||&#8220; title_text_color=&#8220;#0065ad&#8220; title_font_size=&#8220;14px&#8220; title_letter_spacing=&#8220;1px&#8220; title_line_height=&#8220;1.4em&#8220; custom_margin=&#8220;||10px||false|false&#8220; title_font_size_tablet=&#8220;13px&#8220; title_font_size_phone=&#8220;8px&#8220; title_font_size_last_edited=&#8220;on|desktop&#8220; locked=&#8220;off&#8220; global_colors_info=&#8220;{%22#03045e%22:%91%22title_text_color%22%93}&#8220;][\/et_pb_heading][et_pb_heading title=&#8220;Unterst\u00fctzen Sie uns&#8220; _builder_version=&#8220;4.27.4&#8243; _module_preset=&#8220;ddeb8c09-9078-4424-bc15-2efb6572e28e&#8220; title_font=&#8220;PT Sans Narrow|700|||||||&#8220; title_text_color=&#8220;#0065ad&#8220; title_font_size=&#8220;72px&#8220; title_line_height=&#8220;1.15em&#8220; custom_margin_tablet=&#8220;||0px||false|false&#8220; custom_margin_phone=&#8220;||0px||false|false&#8220; custom_margin_last_edited=&#8220;off|desktop&#8220; hover_enabled=&#8220;0&#8243; title_font_size_tablet=&#8220;30px&#8220; title_font_size_phone=&#8220;20px&#8220; title_font_size_last_edited=&#8220;on|phone&#8220; locked=&#8220;off&#8220; global_colors_info=&#8220;{}&#8220; sticky_enabled=&#8220;0&#8243; custom_margin=&#8220;||0px||false|false&#8220; custom_padding=&#8220;||0px||false|false&#8220;][\/et_pb_heading][et_pb_heading title=&#8220;mit einer Spende!&#8220; _builder_version=&#8220;4.27.4&#8243; _module_preset=&#8220;ddeb8c09-9078-4424-bc15-2efb6572e28e&#8220; title_font=&#8220;PT Sans Narrow|700|||||||&#8220; title_text_color=&#8220;#0065ad&#8220; title_font_size=&#8220;72px&#8220; title_line_height=&#8220;1.15em&#8220; title_font_size_tablet=&#8220;30px&#8220; title_font_size_phone=&#8220;20px&#8220; title_font_size_last_edited=&#8220;on|phone&#8220; locked=&#8220;off&#8220; global_colors_info=&#8220;{}&#8220; custom_margin=&#8220;||0px||false|false&#8220; custom_padding=&#8220;||0px||false|false&#8220; sticky_enabled=&#8220;0&#8243;][\/et_pb_heading][et_pb_button button_url=&#8220;#spenden&#8220; button_text=&#8220;Hier entlang&#8220; _builder_version=&#8220;4.27.4&#8243; _module_preset=&#8220;1bffc0fc-42a0-49d1-bd9a-ae3ade2d7206&#8243; custom_button=&#8220;on&#8220; button_text_size=&#8220;18px&#8220; button_text_color=&#8220;#FFFFFF&#8220; button_bg_color=&#8220;#0065ad&#8220; button_border_width=&#8220;0px&#8220; button_border_radius=&#8220;100px&#8220; button_font=&#8220;PT Sans Narrow|700||on|||||&#8220; button_use_icon=&#8220;off&#8220; custom_margin_tablet=&#8220;&#8220; custom_margin_phone=&#8220;10px||||false|false&#8220; custom_margin_last_edited=&#8220;on|phone&#8220; custom_padding=&#8220;12px|24px|12px|24px|true|true&#8220; custom_padding_tablet=&#8220;12px|24px|12px|24px|true|true&#8220; custom_padding_phone=&#8220;8px|15px|8px|15px|true|true&#8220; custom_padding_last_edited=&#8220;on|phone&#8220; button_text_size_tablet=&#8220;16px&#8220; button_text_size_phone=&#8220;12px&#8220; button_text_size_last_edited=&#8220;on|tablet&#8220; locked=&#8220;off&#8220; global_colors_info=&#8220;{}&#8220; custom_padding__hover_enabled=&#8220;off|desktop&#8220; custom_padding__hover=&#8220;|28px||20px|true|false&#8220; transform_styles__hover_enabled=&#8220;on|hover&#8220; transform_scale__hover_enabled=&#8220;on|hover&#8220; transform_translate__hover_enabled=&#8220;on|desktop&#8220; transform_rotate__hover_enabled=&#8220;on|desktop&#8220; transform_skew__hover_enabled=&#8220;on|desktop&#8220; transform_origin__hover_enabled=&#8220;on|desktop&#8220; transform_scale__hover=&#8220;104%|104%&#8220;][\/et_pb_button][\/et_pb_column][et_pb_column type=&#8220;1_2&#8243; _builder_version=&#8220;4.23.1&#8243; _module_preset=&#8220;73121f80-a3ef-4484-8763-c3f18e3c56d2&#8243; global_colors_info=&#8220;{}&#8220;][\/et_pb_column][\/et_pb_row][\/et_pb_section][et_pb_section fb_built=&#8220;1&#8243; admin_label=&#8220;Events&#8220; module_id=&#8220;spenden&#8220; _builder_version=&#8220;4.27.4&#8243; _module_preset=&#8220;_initial&#8220; locked=&#8220;off&#8220; collapsed=&#8220;on&#8220; global_colors_info=&#8220;{%22gcid-36fd78a7-34bc-404d-873c-dafa34efaae5%22:%91%22colorStart%22%93}&#8220;][et_pb_row custom_padding_last_edited=&#8220;on|tablet&#8220; _builder_version=&#8220;4.27.4&#8243; _module_preset=&#8220;5138c454-be54-4233-bd3b-f8e6a8747976&#8243; custom_padding_tablet=&#8220;0px||0px||true|false&#8220; custom_padding_phone=&#8220;0px||0px||true|false&#8220; global_colors_info=&#8220;{}&#8220;][et_pb_column type=&#8220;4_4&#8243; _builder_version=&#8220;4.16&#8243; _module_preset=&#8220;73121f80-a3ef-4484-8763-c3f18e3c56d2&#8243; global_colors_info=&#8220;{}&#8220;][et_pb_heading title=&#8220;Ihre Spende hilft \u2013 direkt und nachhaltig&#8220; _builder_version=&#8220;4.27.4&#8243; _module_preset=&#8220;c33f07d9-41e0-421a-8799-5799df695cce&#8220; title_level=&#8220;h2&#8243; title_font=&#8220;PT Sans Narrow|700|||||||&#8220; title_text_align=&#8220;center&#8220; title_text_color=&#8220;#0065ad&#8220; title_font_size=&#8220;50px&#8220; title_line_height=&#8220;1.2em&#8220; custom_margin=&#8220;||10px||false|false&#8220; title_font_size_tablet=&#8220;28px&#8220; title_font_size_phone=&#8220;17px&#8220; title_font_size_last_edited=&#8220;on|phone&#8220; locked=&#8220;off&#8220; global_colors_info=&#8220;{}&#8220;][\/et_pb_heading][et_pb_text _builder_version=&#8220;4.27.4&#8243; _module_preset=&#8220;default&#8220; text_font=&#8220;PT Sans Narrow||||||||&#8220; text_text_color=&#8220;#0065ad&#8220; text_font_size=&#8220;16px&#8220; text_line_height=&#8220;1.6em&#8220; header_2_font=&#8220;PT Sans Narrow|700|||||||&#8220; header_2_text_color=&#8220;#0065ad&#8220; header_2_line_height=&#8220;1.4em&#8220; text_font_size_tablet=&#8220;16px&#8220; text_font_size_phone=&#8220;13px&#8220; text_font_size_last_edited=&#8220;on|phone&#8220; header_2_font_size_tablet=&#8220;22px&#8220; header_2_font_size_phone=&#8220;20px&#8220; header_2_font_size_last_edited=&#8220;on|desktop&#8220; global_colors_info=&#8220;{}&#8220;]<\/p>\n<p style=\"font-weight: 400;\">Every child deserves a safe, loving and fair childhood. With your donation, you support our diverse projects and services for children, young people and families in Warburg and the surrounding area. Whether help in acute crises, preventative work or long-term support - together we are committed to the protection and rights of children.<\/p>\n<p style=\"font-weight: 400;\"><strong>Help us - every contribution counts!<\/strong><br \/>Donations or collections can also be made to the Kinderschutzbund on special occasions - such as birthdays, anniversaries or in the event of bereavement. In this way, you can send a strong signal for children's rights and social cohesion.<\/p>\n<p>[\/et_pb_text][et_pb_heading title=&#8220;Unser Kontoverbindung:&#8220; _builder_version=&#8220;4.27.4&#8243; _module_preset=&#8220;c33f07d9-41e0-421a-8799-5799df695cce&#8220; title_level=&#8220;h2&#8243; title_font=&#8220;PT Sans Narrow|700|||||||&#8220; title_text_align=&#8220;center&#8220; title_text_color=&#8220;#0065ad&#8220; title_font_size=&#8220;50px&#8220; title_line_height=&#8220;1.2em&#8220; custom_margin=&#8220;||10px||false|false&#8220; title_font_size_tablet=&#8220;28px&#8220; title_font_size_phone=&#8220;17px&#8220; title_font_size_last_edited=&#8220;on|phone&#8220; locked=&#8220;off&#8220; global_colors_info=&#8220;{}&#8220;][\/et_pb_heading][et_pb_text _builder_version=&#8220;4.27.4&#8243; _module_preset=&#8220;default&#8220; text_font=&#8220;PT Sans Narrow||||||||&#8220; text_text_color=&#8220;#0065ad&#8220; text_font_size=&#8220;16px&#8220; text_line_height=&#8220;1.6em&#8220; header_2_font=&#8220;PT Sans Narrow|700|||||||&#8220; header_2_text_color=&#8220;#0065ad&#8220; header_2_line_height=&#8220;1.4em&#8220; text_font_size_tablet=&#8220;16px&#8220; text_font_size_phone=&#8220;13px&#8220; text_font_size_last_edited=&#8220;on|phone&#8220; header_2_font_size_tablet=&#8220;22px&#8220; header_2_font_size_phone=&#8220;20px&#8220; header_2_font_size_last_edited=&#8220;on|desktop&#8220; global_colors_info=&#8220;{}&#8220;]<\/p>\n<p style=\"font-weight: 400; text-align: center;\"><span>Der Kinderschutzbund &#8211; Ortsverband Warburg e.V.<br \/>IBAN: DE<\/span><span>79 4726 4367 0103 5467 01<\/span><\/p>\n<p style=\"font-weight: 400; text-align: center;\"><span><\/span><\/p>\n<p style=\"font-weight: 400; text-align: center;\"><span>If you would like a donation receipt, please state your full address when making the transfer.<\/span><\/p>\n<p>[\/et_pb_text][\/et_pb_column][\/et_pb_row][\/et_pb_section]<\/p>","protected":false},"excerpt":{"rendered":"<p>Jedes Kind verdient eine sichere, liebevolle und gerechte Kindheit. Mit Ihrer Spende unterst\u00fctzen Sie unsere vielf\u00e4ltigen Projekte und Angebote f\u00fcr Kinder, Jugendliche und Familien in Warburg und Umgebung. Ob Hilfe [&hellip;]<\/p>","protected":false},"author":1,"featured_media":0,"parent":0,"menu_order":0,"comment_status":"closed","ping_status":"closed","template":"","meta":{"_et_pb_use_builder":"on","_et_pb_old_content":"","_et_gb_content_width":"","footnotes":""},"class_list":["post-210","page","type-page","status-publish","hentry"],"_links":{"self":[{"href":"https:\/\/kinderschutzbund-warburg.de\/en\/wp-json\/wp\/v2\/pages\/210","targetHints":{"allow":["GET"]}}],"collection":[{"href":"https:\/\/kinderschutzbund-warburg.de\/en\/wp-json\/wp\/v2\/pages"}],"about":[{"href":"https:\/\/kinderschutzbund-warburg.de\/en\/wp-json\/wp\/v2\/types\/page"}],"author":[{"embeddable":true,"href":"https:\/\/kinderschutzbund-warburg.de\/en\/wp-json\/wp\/v2\/users\/1"}],"replies":[{"embeddable":true,"href":"https:\/\/kinderschutzbund-warburg.de\/en\/wp-json\/wp\/v2\/comments?post=210"}],"version-history":[{"count":4,"href":"https:\/\/kinderschutzbund-warburg.de\/en\/wp-json\/wp\/v2\/pages\/210\/revisions"}],"predecessor-version":[{"id":249,"href":"https:\/\/kinderschutzbund-warburg.de\/en\/wp-json\/wp\/v2\/pages\/210\/revisions\/249"}],"wp:attachment":[{"href":"https:\/\/kinderschutzbund-warburg.de\/en\/wp-json\/wp\/v2\/media?parent=210"}],"curies":[{"name":"wp","href":"https:\/\/api.w.org\/{rel}","templated":true}]}}